{"id":10,"date":"2014-06-10T09:03:16","date_gmt":"2014-06-10T08:03:16","guid":{"rendered":"http:\/\/www.alaintouboulvoiceschool.com\/?page_id=10"},"modified":"2015-08-19T21:42:57","modified_gmt":"2015-08-19T20:42:57","slug":"originalite-de-l-atvs","status":"publish","type":"page","link":"http:\/\/www.alaintouboulvoiceschool.com\/?page_id=10","title":{"rendered":"Originalit\u00e9s"},"content":{"rendered":"<p><a href=\"http:\/\/www.alaintouboulvoiceschool.com\/wp-content\/uploads\/2014\/07\/DSC_0037.jpg\"><img loading=\"lazy\" decoding=\"async\" class=\"alignleft wp-image-112 size-medium\" src=\"http:\/\/www.alaintouboulvoiceschool.com\/wp-content\/uploads\/2014\/07\/DSC_0037-300x199.jpg\" alt=\"\" width=\"300\" height=\"199\" srcset=\"http:\/\/www.alaintouboulvoiceschool.com\/wp-content\/uploads\/2014\/07\/DSC_0037-300x199.jpg 300w, http:\/\/www.alaintouboulvoiceschool.com\/wp-content\/uploads\/2014\/07\/DSC_0037-1024x680.jpg 1024w, http:\/\/www.alaintouboulvoiceschool.com\/wp-content\/uploads\/2014\/07\/DSC_0037-624x414.jpg 624w\" sizes=\"auto, (max-width: 300px) 100vw, 300px\" \/><\/a><\/p>\n<p><strong>L&rsquo;ATVS est une \u00e9cole de chant \u00e0 vocation internationale situ\u00e9e \u00e0 Paris et compos\u00e9e depuis sa cr\u00e9ation en 1990 de chanteurs d&rsquo; une quarantaine de nationalit\u00e9s diff\u00e9rentes.<\/strong><\/p>\n<p>Alain Touboul met en place le projet artistique : \u00ab\u00a0From Song to Opera, une voix des voix, de la Chanson \u00e0 l&rsquo;Op\u00e9ra\u00a0\u00bb, dont l&rsquo;objet est de faire d\u00e9couvrir \u00e0 ses \u00e9l\u00e8ves des chants et des musiques de diff\u00e9rentes \u00e9poques.<br \/>\nGr\u00e2ce \u00e0 la \u00ab\u00a0TECHNIQUE VOCALE MOBILE\u00a0\u00bb (TVM) qu&rsquo; il utilise dans son enseignement il permet\u00a0 \u00e0 ses \u00e9l\u00e8ves d&rsquo;\u00a0 accorder leurs voix aux\u00a0 diff\u00e9rents styles de musique\u00a0 et de chanter ainsi les r\u00e9pertoires de chant les plus divers.<\/p>\n<p>Au moyen de la TVM il forme des artistes qui peuvent chanter, en France et \u00e0 l&rsquo;\u00e9tranger, dans de nombreuses langues ou dialectes : leurs compositions, de la chanson, du chant classique, des com\u00e9dies musicales, du blues, du jazz, du gospel, de la folk, de la musique religieuse, traditionnelle ou du monde, de la pop ou de l&rsquo;op\u00e9ra.<\/p>\n<p>Ce travail artistique se fait dans l&rsquo; atelier de chant d&rsquo; ABC d&rsquo;airs, en studio et sur sc\u00e8ne et permet \u00e0 des chanteurs de l&rsquo;ATVS de se produire dans des situations musicales les plus diverses et dans tous types de lieux :<br \/>\n&#8211; caf\u00e9s musicaux, centres culturels, clubs de jazz, festivals en plein air, salles de concert, th\u00e9\u00e2tres,<br \/>\n&#8211; palais des congr\u00e8s,\u00a0 op\u00e9ra, Olympia, Bercy, Z\u00e9nith et parfois m\u00eame jusqu&rsquo; \u00e0 la place St Pierre de Rome.<\/p>\n<p>En chantant des r\u00e9pertoires appartenant \u00e0 des genres musicaux tr\u00e8s diff\u00e9rents les uns des autres,\u00a0<a title=\"Nos artistes\" href=\"http:\/\/www.alaintouboulvoiceschool.com\/?page_id=12\">les chanteurs suivants incarnent bien la diversit\u00e9 vocale de l&rsquo;A T V S.<\/a><\/p>\n<p>&nbsp;<\/p>\n","protected":false},"excerpt":{"rendered":"<p>L&rsquo;ATVS est une \u00e9cole de chant \u00e0 vocation internationale situ\u00e9e \u00e0 Paris et compos\u00e9e depuis sa cr\u00e9ation en 1990 de chanteurs d&rsquo; une quarantaine de nationalit\u00e9s diff\u00e9rentes. Alain Touboul met en place le projet artistique : \u00ab\u00a0From Song to Opera, une voix des voix, de la Chanson \u00e0 l&rsquo;Op\u00e9ra\u00a0\u00bb, dont l&rsquo;objet est de faire d\u00e9couvrir [&hellip;]<\/p>\n","protected":false},"author":1,"featured_media":0,"parent":0,"menu_order":0,"comment_status":"closed","ping_status":"open","template":"page-templates\/full-width.php","meta":{"footnotes":""},"class_list":["post-10","page","type-page","status-publish","hentry"],"_links":{"self":[{"href":"http:\/\/www.alaintouboulvoiceschool.com\/index.php?rest_route=\/wp\/v2\/pages\/10","targetHints":{"allow":["GET"]}}],"collection":[{"href":"http:\/\/www.alaintouboulvoiceschool.com\/index.php?rest_route=\/wp\/v2\/pages"}],"about":[{"href":"http:\/\/www.alaintouboulvoiceschool.com\/index.php?rest_route=\/wp\/v2\/types\/page"}],"author":[{"embeddable":true,"href":"http:\/\/www.alaintouboulvoiceschool.com\/index.php?rest_route=\/wp\/v2\/users\/1"}],"replies":[{"embeddable":true,"href":"http:\/\/www.alaintouboulvoiceschool.com\/index.php?rest_route=%2Fwp%2Fv2%2Fcomments&post=10"}],"version-history":[{"count":25,"href":"http:\/\/www.alaintouboulvoiceschool.com\/index.php?rest_route=\/wp\/v2\/pages\/10\/revisions"}],"predecessor-version":[{"id":227,"href":"http:\/\/www.alaintouboulvoiceschool.com\/index.php?rest_route=\/wp\/v2\/pages\/10\/revisions\/227"}],"wp:attachment":[{"href":"http:\/\/www.alaintouboulvoiceschool.com\/index.php?rest_route=%2Fwp%2Fv2%2Fmedia&parent=10"}],"curies":[{"name":"wp","href":"https:\/\/api.w.org\/{rel}","templated":true}]}}