{"id":23,"date":"2014-06-10T09:05:35","date_gmt":"2014-06-10T08:05:35","guid":{"rendered":"http:\/\/www.alaintouboulvoiceschool.com\/?page_id=23"},"modified":"2024-04-16T15:44:39","modified_gmt":"2024-04-16T14:44:39","slug":"contact","status":"publish","type":"page","link":"http:\/\/www.alaintouboulvoiceschool.com\/?page_id=23","title":{"rendered":"Contact"},"content":{"rendered":"<p>L&rsquo; Alain Touboul Voice School vous accueille en plein centre de Paris du lundi au samedi .<\/p>\n<p>Pour tout renseignement, n&rsquo;h\u00e9sitez pas \u00e0 contacter Alain Touboul :<\/p>\n<p>Par t\u00e9l\u00e9phone au 0952 838 800<\/p>\n<p>Par courriel : alaintouboulvoiceschool@gmail.com<\/p>\n<p><a href=\"http:\/\/www.alaintouboulvoiceschool.com\/wp-content\/uploads\/2014\/06\/Photo26_26A-2-31.jpg\"><img loading=\"lazy\" decoding=\"async\" class=\"aligncenter wp-image-137 size-large\" src=\"http:\/\/www.alaintouboulvoiceschool.com\/wp-content\/uploads\/2014\/06\/Photo26_26A-2-31-1024x673.jpg\" alt=\"Photo26_26A-2-3(1)\" width=\"625\" height=\"410\" srcset=\"http:\/\/www.alaintouboulvoiceschool.com\/wp-content\/uploads\/2014\/06\/Photo26_26A-2-31-1024x673.jpg 1024w, http:\/\/www.alaintouboulvoiceschool.com\/wp-content\/uploads\/2014\/06\/Photo26_26A-2-31-300x197.jpg 300w, http:\/\/www.alaintouboulvoiceschool.com\/wp-content\/uploads\/2014\/06\/Photo26_26A-2-31-624x410.jpg 624w, http:\/\/www.alaintouboulvoiceschool.com\/wp-content\/uploads\/2014\/06\/Photo26_26A-2-31.jpg 1956w\" sizes=\"auto, (max-width: 625px) 100vw, 625px\" \/><\/a><\/p>\n<p>&nbsp;<\/p>\n","protected":false},"excerpt":{"rendered":"<p>L&rsquo; Alain Touboul Voice School vous accueille en plein centre de Paris du lundi au samedi . Pour tout renseignement, n&rsquo;h\u00e9sitez pas \u00e0 contacter Alain Touboul : Par t\u00e9l\u00e9phone au 0952 838 800 Par courriel : alaintouboulvoiceschool@gmail.com &nbsp;<\/p>\n","protected":false},"author":1,"featured_media":0,"parent":0,"menu_order":0,"comment_status":"closed","ping_status":"open","template":"page-templates\/full-width.php","meta":{"footnotes":""},"class_list":["post-23","page","type-page","status-publish","hentry"],"_links":{"self":[{"href":"http:\/\/www.alaintouboulvoiceschool.com\/index.php?rest_route=\/wp\/v2\/pages\/23","targetHints":{"allow":["GET"]}}],"collection":[{"href":"http:\/\/www.alaintouboulvoiceschool.com\/index.php?rest_route=\/wp\/v2\/pages"}],"about":[{"href":"http:\/\/www.alaintouboulvoiceschool.com\/index.php?rest_route=\/wp\/v2\/types\/page"}],"author":[{"embeddable":true,"href":"http:\/\/www.alaintouboulvoiceschool.com\/index.php?rest_route=\/wp\/v2\/users\/1"}],"replies":[{"embeddable":true,"href":"http:\/\/www.alaintouboulvoiceschool.com\/index.php?rest_route=%2Fwp%2Fv2%2Fcomments&post=23"}],"version-history":[{"count":10,"href":"http:\/\/www.alaintouboulvoiceschool.com\/index.php?rest_route=\/wp\/v2\/pages\/23\/revisions"}],"predecessor-version":[{"id":238,"href":"http:\/\/www.alaintouboulvoiceschool.com\/index.php?rest_route=\/wp\/v2\/pages\/23\/revisions\/238"}],"wp:attachment":[{"href":"http:\/\/www.alaintouboulvoiceschool.com\/index.php?rest_route=%2Fwp%2Fv2%2Fmedia&parent=23"}],"curies":[{"name":"wp","href":"https:\/\/api.w.org\/{rel}","templated":true}]}}