{"id":4,"date":"2014-06-10T09:03:40","date_gmt":"2014-06-10T08:03:40","guid":{"rendered":"http:\/\/www.alaintouboulvoiceschool.com\/?page_id=4"},"modified":"2024-04-17T11:45:59","modified_gmt":"2024-04-17T10:45:59","slug":"presentation","status":"publish","type":"page","link":"http:\/\/www.alaintouboulvoiceschool.com\/?page_id=4","title":{"rendered":"Pr\u00e9sentation"},"content":{"rendered":"<p><strong> L&rsquo;\u00e9cole internationale de chant Alain Touboul<\/strong><\/p>\n<p style=\"text-align: left;\"><strong>\u00a0L&rsquo; ATVS aide des chanteurs de tous niveaux \u00e0 r\u00e9aliser leurs projets artistiques.<img loading=\"lazy\" decoding=\"async\" class=\"alignright size-medium wp-image-109\" src=\"http:\/\/www.alaintouboulvoiceschool.com\/wp-content\/uploads\/2014\/07\/DSC_02641-300x199.jpg\" alt=\"DSC_0264(1)\" width=\"300\" height=\"199\" srcset=\"http:\/\/www.alaintouboulvoiceschool.com\/wp-content\/uploads\/2014\/07\/DSC_02641-300x199.jpg 300w, http:\/\/www.alaintouboulvoiceschool.com\/wp-content\/uploads\/2014\/07\/DSC_02641-1024x680.jpg 1024w, http:\/\/www.alaintouboulvoiceschool.com\/wp-content\/uploads\/2014\/07\/DSC_02641-624x414.jpg 624w\" sizes=\"auto, (max-width: 300px) 100vw, 300px\" \/><\/strong><br style=\"text-align: left;\" \/>Gr\u00e2ce \u00e0 la \u00ab\u00a0TECHNIQUE VOCALE MOBILE\u00a0\u00bb (TVM) qu&rsquo;il \u00e9labore puis utilise depuis 1995 dans son enseignement Alain Touboul propose \u00e0 ses \u00e9l\u00e8ves de chanter des \u0153uvres qui vont de la chanson \u00e0 l&rsquo;op\u00e9ra en adaptant leurs voix \u00e0 \u00a0leurs r\u00e9pertoires.<\/p>\n","protected":false},"excerpt":{"rendered":"<p>L&rsquo;\u00e9cole internationale de chant Alain Touboul \u00a0L&rsquo; ATVS aide des chanteurs de tous niveaux \u00e0 r\u00e9aliser leurs projets artistiques.Gr\u00e2ce \u00e0 la \u00ab\u00a0TECHNIQUE VOCALE MOBILE\u00a0\u00bb (TVM) qu&rsquo;il \u00e9labore puis utilise depuis 1995 dans son enseignement Alain Touboul propose \u00e0 ses \u00e9l\u00e8ves de chanter des \u0153uvres qui vont de la chanson \u00e0 l&rsquo;op\u00e9ra en adaptant leurs voix [&hellip;]<\/p>\n","protected":false},"author":1,"featured_media":0,"parent":0,"menu_order":0,"comment_status":"closed","ping_status":"open","template":"page-templates\/full-width.php","meta":{"footnotes":""},"class_list":["post-4","page","type-page","status-publish","hentry"],"_links":{"self":[{"href":"http:\/\/www.alaintouboulvoiceschool.com\/index.php?rest_route=\/wp\/v2\/pages\/4","targetHints":{"allow":["GET"]}}],"collection":[{"href":"http:\/\/www.alaintouboulvoiceschool.com\/index.php?rest_route=\/wp\/v2\/pages"}],"about":[{"href":"http:\/\/www.alaintouboulvoiceschool.com\/index.php?rest_route=\/wp\/v2\/types\/page"}],"author":[{"embeddable":true,"href":"http:\/\/www.alaintouboulvoiceschool.com\/index.php?rest_route=\/wp\/v2\/users\/1"}],"replies":[{"embeddable":true,"href":"http:\/\/www.alaintouboulvoiceschool.com\/index.php?rest_route=%2Fwp%2Fv2%2Fcomments&post=4"}],"version-history":[{"count":20,"href":"http:\/\/www.alaintouboulvoiceschool.com\/index.php?rest_route=\/wp\/v2\/pages\/4\/revisions"}],"predecessor-version":[{"id":246,"href":"http:\/\/www.alaintouboulvoiceschool.com\/index.php?rest_route=\/wp\/v2\/pages\/4\/revisions\/246"}],"wp:attachment":[{"href":"http:\/\/www.alaintouboulvoiceschool.com\/index.php?rest_route=%2Fwp%2Fv2%2Fmedia&parent=4"}],"curies":[{"name":"wp","href":"https:\/\/api.w.org\/{rel}","templated":true}]}}